{"id":244,"date":"2021-06-07T13:38:26","date_gmt":"2021-06-07T11:38:26","guid":{"rendered":"http:\/\/mezipotoky.cz\/?page_id=244"},"modified":"2021-08-27T11:49:59","modified_gmt":"2021-08-27T09:49:59","slug":"244-2","status":"publish","type":"page","link":"https:\/\/mezipotoky.cz\/index.php\/244-2\/","title":{"rendered":"V\u00fdlety"},"content":{"rendered":"<p>[et_pb_section fb_built=&#8220;1&#8243; admin_label=&#8220;Header&#8220; _builder_version=&#8220;4.9.4&#8243; use_background_color_gradient=&#8220;on&#8220; background_color_gradient_start=&#8220;rgba(255,255,255,0.89)&#8220; background_color_gradient_end=&#8220;rgba(255,255,255,0)&#8220; background_color_gradient_type=&#8220;radial&#8220; background_color_gradient_direction_radial=&#8220;top left&#8220; background_color_gradient_start_position=&#8220;30%&#8220; background_color_gradient_end_position=&#8220;80%&#8220; background_color_gradient_overlays_image=&#8220;on&#8220; background_image=&#8220;http:\/\/mezipotoky.cz\/wp-content\/uploads\/2021\/04\/173611224_120105193509985_8486787672692628435_n.jpg&#8220; custom_padding=&#8220;12vw|0px|0|0px|false|false&#8220;][et_pb_row _builder_version=&#8220;3.25&#8243;][et_pb_column type=&#8220;4_4&#8243; _builder_version=&#8220;3.25&#8243; custom_padding=&#8220;|||&#8220; custom_padding__hover=&#8220;|||&#8220;][et_pb_text _builder_version=&#8220;4.9.4&#8243; text_font=&#8220;||||||||&#8220; header_font=&#8220;Raleway|700|||||||&#8220; header_font_size=&#8220;80px&#8220; header_line_height=&#8220;1.2em&#8220; header_5_font=&#8220;Raleway|700||on|||||&#8220; header_5_text_color=&#8220;#000000&#8243; header_5_font_size=&#8220;20px&#8220; header_5_letter_spacing=&#8220;0.5em&#8220; header_5_line_height=&#8220;1.8em&#8220; animation_style=&#8220;zoom&#8220; animation_intensity_zoom=&#8220;5%&#8220; header_font_size_tablet=&#8220;48px&#8220; header_font_size_phone=&#8220;32px&#8220; header_font_size_last_edited=&#8220;on|phone&#8220; header_5_font_size_tablet=&#8220;14px&#8220; header_5_font_size_phone=&#8220;12px&#8220; header_5_font_size_last_edited=&#8220;on|desktop&#8220;]<\/p>\n<h1>V\u00fdlety<\/h1>\n<p>[\/et_pb_text][\/et_pb_column][\/et_pb_row][\/et_pb_section][et_pb_section fb_built=&#8220;1&#8243; _builder_version=&#8220;4.9.4&#8243; _module_preset=&#8220;default&#8220;][et_pb_row _builder_version=&#8220;4.9.4&#8243; _module_preset=&#8220;default&#8220;][et_pb_column type=&#8220;4_4&#8243; _builder_version=&#8220;4.9.4&#8243; _module_preset=&#8220;default&#8220;][et_pb_text _builder_version=&#8220;4.9.4&#8243; _module_preset=&#8220;default&#8220;]<\/p>\n<p style=\"font-weight: 400;\">V t\u011bsn\u00e9 bl\u00edzkosti \u00a0okol\u00ed<span>\u00a0\u00a0<\/span>je mo\u017en\u00e9 nav\u0161t\u00edvit Koz\u00ed farmu na P\u011bn\u010d\u00edn\u011b, Kittner\u016fv d\u016fm na Jistebsku,<span>\u00a0\u00a0<\/span>rozhlednu na<span>\u00a0\u00a0<\/span>\u010cern\u00e9<span>\u00a0\u00a0<\/span>Studnici a hu\u0165sk\u00e9 koupali\u0161t\u011b.<span>\u00a0V Jilovem u Dr\u017ekova je mo\u017en\u00e9 vyu\u017e\u00edt ke koup\u00e1n\u00ed zatopen\u00fd lom.<\/span> V zimn\u00edch m\u011bs\u00edc\u00edch je k dispozici v Z\u00e1sad\u011b sjezdovka s no\u010dn\u00edm ly\u017eov\u00e1n\u00edm, b\u011b\u017eka\u0159sk\u00e9 trat\u011b a s\u00e1\u0148ka\u0159sk\u00e1 dr\u00e1ha z \u010cern\u00e9 Studnice\u00a0 do Smr\u017eovky v d\u00e9lce 4km.<\/p>\n<p style=\"font-weight: 400;\">Proslul\u00e1 je turistika i cykloturistika v oblasti podkrkono\u0161\u00ed, Jizersk\u00fdch hor, podnikat lze v\u00fdlety do \u010cesk\u00e9ho r\u00e1je (Mal\u00e1 Sk\u00e1la, Prachovsk\u00e9 sk\u00e1ly, Kloko\u010dsk\u00e9 sk\u00e1ly, Trosky), do Krkono\u0161 ale i do Polska.<\/p>\n<p>[\/et_pb_text][\/et_pb_column][\/et_pb_row][et_pb_row _builder_version=&#8220;4.9.4&#8243; _module_preset=&#8220;default&#8220;][et_pb_column type=&#8220;4_4&#8243; _builder_version=&#8220;4.9.4&#8243; _module_preset=&#8220;default&#8220;][et_pb_gallery gallery_ids=&#8220;271,272,273,274,275,276,277&#8243; posts_number=&#8220;8&#8243; show_title_and_caption=&#8220;off&#8220; show_pagination=&#8220;off&#8220; _builder_version=&#8220;4.9.4&#8243; _module_preset=&#8220;default&#8220;][\/et_pb_gallery][\/et_pb_column][\/et_pb_row][\/et_pb_section][et_pb_section fb_built=&#8220;1&#8243; admin_label=&#8220;Reservations&#8220; _builder_version=&#8220;4.9.4&#8243; use_background_color_gradient=&#8220;on&#8220; background_color_gradient_start=&#8220;#2f3a44&#8243; background_color_gradient_end=&#8220;rgba(38,46,53,0)&#8220; background_color_gradient_direction=&#8220;150deg&#8220; background_color_gradient_start_position=&#8220;25%&#8220; background_color_gradient_overlays_image=&#8220;on&#8220; background_image=&#8220;http:\/\/mezipotoky.cz\/wp-content\/uploads\/2021\/04\/kuchyne.jpg&#8220; custom_padding=&#8220;140px|0px|299px|0px|false|false&#8220;][\/et_pb_section][et_pb_section fb_built=&#8220;1&#8243; admin_label=&#8220;Contact Info&#8220; _builder_version=&#8220;4.9.4&#8243; background_color=&#8220;#ffffff&#8220; max_width=&#8220;90%&#8220; max_width_tablet=&#8220;&#8220; max_width_phone=&#8220;100%&#8220; max_width_last_edited=&#8220;on|phone&#8220; custom_margin=&#8220;-160px|||&#8220; border_color_all=&#8220;#ffffff&#8220; border_width_left=&#8220;10vw&#8220;][et_pb_row column_structure=&#8220;1_3,1_3,1_3&#8243; _builder_version=&#8220;4.9.4&#8243; custom_width_px=&#8220;800px&#8220; locked=&#8220;off&#8220;][et_pb_column type=&#8220;1_3&#8243; _builder_version=&#8220;3.25&#8243; custom_padding=&#8220;|||&#8220; custom_padding__hover=&#8220;|||&#8220;][et_pb_blurb title=&#8220;(+420) 733 248 039&#8243; use_icon=&#8220;on&#8220; font_icon=&#8220;%%264%%&#8220; icon_color=&#8220;#c3cfd6&#8243; icon_placement=&#8220;left&#8220; use_icon_font_size=&#8220;on&#8220; icon_font_size=&#8220;24px&#8220; _builder_version=&#8220;4.9.4&#8243; header_level=&#8220;h5&#8243; header_font=&#8220;Raleway|700|||||||&#8220; header_line_height=&#8220;1.4em&#8220;][\/et_pb_blurb][\/et_pb_column][et_pb_column type=&#8220;1_3&#8243; _builder_version=&#8220;3.25&#8243; custom_padding=&#8220;|||&#8220; custom_padding__hover=&#8220;|||&#8220;][et_pb_blurb title=&#8220;Hu\u0165 107, P\u011bn\u010d\u00edn 468 26&#8243; use_icon=&#8220;on&#8220; font_icon=&#8220;%%249%%&#8220; icon_color=&#8220;#c3cfd6&#8243; icon_placement=&#8220;left&#8220; use_icon_font_size=&#8220;on&#8220; icon_font_size=&#8220;24px&#8220; _builder_version=&#8220;4.9.7&#8243; header_level=&#8220;h5&#8243; header_font=&#8220;Raleway|700|||||||&#8220; header_line_height=&#8220;1.4em&#8220;][\/et_pb_blurb][\/et_pb_column][et_pb_column type=&#8220;1_3&#8243; _builder_version=&#8220;3.25&#8243; custom_padding=&#8220;|||&#8220; custom_padding__hover=&#8220;|||&#8220;][et_pb_blurb title=&#8220;rezervace@mezipotoky.cz&#8220; use_icon=&#8220;on&#8220; font_icon=&#8220;%%238%%&#8220; icon_color=&#8220;#c3cfd6&#8243; icon_placement=&#8220;left&#8220; use_icon_font_size=&#8220;on&#8220; icon_font_size=&#8220;24px&#8220; _builder_version=&#8220;4.9.7&#8243; header_level=&#8220;h5&#8243; header_font=&#8220;Raleway|700|||||||&#8220; header_line_height=&#8220;1.4em&#8220;][\/et_pb_blurb][\/et_pb_column][\/et_pb_row][et_pb_row _builder_version=&#8220;4.9.4&#8243; custom_width_px=&#8220;800px&#8220;][et_pb_column type=&#8220;4_4&#8243; _builder_version=&#8220;4.9.4&#8243; custom_padding=&#8220;|||&#8220; custom_padding__hover=&#8220;|||&#8220;][et_pb_contact_form email=&#8220;rezervace@mezipotoky.cz&#8220; module_id=&#8220;et_pb_contact_form_0&#8243; _builder_version=&#8220;4.9.7&#8243; form_field_background_color=&#8220;#f5f5f5&#8243; title_level=&#8220;h2&#8243; title_font=&#8220;Raleway|700|||||||&#8220; title_font_size=&#8220;50px&#8220; title_line_height=&#8220;1.8em&#8220; form_field_font=&#8220;||||||||&#8220; form_field_line_height=&#8220;2em&#8220; custom_button=&#8220;on&#8220; button_text_size=&#8220;16px&#8220; button_text_color=&#8220;#b2b9c4&#8243; button_bg_color=&#8220;rgba(178,185,196,0)&#8220; button_border_color=&#8220;rgba(0,0,0,0)&#8220; button_border_radius=&#8220;0px&#8220; button_font=&#8220;Raleway|700|||||||&#8220; title_font_size_tablet=&#8220;35px&#8220; title_font_size_phone=&#8220;25px&#8220; title_font_size_last_edited=&#8220;on|desktop&#8220; form_background_color=&#8220;#f5f5f5&#8243; button_border_radius_hover=&#8220;0px&#8220;][et_pb_contact_field field_id=&#8220;Name&#8220; field_title=&#8220;Jm\u00e9no&#8220; _builder_version=&#8220;4.9.4&#8243; button_text_size__hover_enabled=&#8220;off&#8220; button_one_text_size__hover_enabled=&#8220;off&#8220; button_two_text_size__hover_enabled=&#8220;off&#8220; button_text_color__hover_enabled=&#8220;off&#8220; button_one_text_color__hover_enabled=&#8220;off&#8220; button_two_text_color__hover_enabled=&#8220;off&#8220; button_border_width__hover_enabled=&#8220;off&#8220; button_one_border_width__hover_enabled=&#8220;off&#8220; button_two_border_width__hover_enabled=&#8220;off&#8220; button_border_color__hover_enabled=&#8220;off&#8220; button_one_border_color__hover_enabled=&#8220;off&#8220; button_two_border_color__hover_enabled=&#8220;off&#8220; button_border_radius__hover_enabled=&#8220;off&#8220; button_one_border_radius__hover_enabled=&#8220;off&#8220; button_two_border_radius__hover_enabled=&#8220;off&#8220; button_letter_spacing__hover_enabled=&#8220;off&#8220; button_one_letter_spacing__hover_enabled=&#8220;off&#8220; button_two_letter_spacing__hover_enabled=&#8220;off&#8220; button_bg_color__hover_enabled=&#8220;off&#8220; button_one_bg_color__hover_enabled=&#8220;off&#8220; button_two_bg_color__hover_enabled=&#8220;off&#8220;][\/et_pb_contact_field][et_pb_contact_field field_id=&#8220;Email&#8220; field_title=&#8220;E-mail&#8220; field_type=&#8220;email&#8220; _builder_version=&#8220;4.9.4&#8243; button_text_size__hover_enabled=&#8220;off&#8220; button_one_text_size__hover_enabled=&#8220;off&#8220; button_two_text_size__hover_enabled=&#8220;off&#8220; button_text_color__hover_enabled=&#8220;off&#8220; button_one_text_color__hover_enabled=&#8220;off&#8220; button_two_text_color__hover_enabled=&#8220;off&#8220; button_border_width__hover_enabled=&#8220;off&#8220; button_one_border_width__hover_enabled=&#8220;off&#8220; button_two_border_width__hover_enabled=&#8220;off&#8220; button_border_color__hover_enabled=&#8220;off&#8220; button_one_border_color__hover_enabled=&#8220;off&#8220; button_two_border_color__hover_enabled=&#8220;off&#8220; button_border_radius__hover_enabled=&#8220;off&#8220; button_one_border_radius__hover_enabled=&#8220;off&#8220; button_two_border_radius__hover_enabled=&#8220;off&#8220; button_letter_spacing__hover_enabled=&#8220;off&#8220; button_one_letter_spacing__hover_enabled=&#8220;off&#8220; button_two_letter_spacing__hover_enabled=&#8220;off&#8220; button_bg_color__hover_enabled=&#8220;off&#8220; button_one_bg_color__hover_enabled=&#8220;off&#8220; button_two_bg_color__hover_enabled=&#8220;off&#8220;][\/et_pb_contact_field][et_pb_contact_field field_id=&#8220;Message&#8220; field_title=&#8220;Zpr\u00e1va&#8220; field_type=&#8220;text&#8220; fullwidth_field=&#8220;on&#8220; _builder_version=&#8220;4.9.4&#8243; button_text_size__hover_enabled=&#8220;off&#8220; button_one_text_size__hover_enabled=&#8220;off&#8220; button_two_text_size__hover_enabled=&#8220;off&#8220; button_text_color__hover_enabled=&#8220;off&#8220; button_one_text_color__hover_enabled=&#8220;off&#8220; button_two_text_color__hover_enabled=&#8220;off&#8220; button_border_width__hover_enabled=&#8220;off&#8220; button_one_border_width__hover_enabled=&#8220;off&#8220; button_two_border_width__hover_enabled=&#8220;off&#8220; button_border_color__hover_enabled=&#8220;off&#8220; button_one_border_color__hover_enabled=&#8220;off&#8220; button_two_border_color__hover_enabled=&#8220;off&#8220; button_border_radius__hover_enabled=&#8220;off&#8220; button_one_border_radius__hover_enabled=&#8220;off&#8220; button_two_border_radius__hover_enabled=&#8220;off&#8220; button_letter_spacing__hover_enabled=&#8220;off&#8220; button_one_letter_spacing__hover_enabled=&#8220;off&#8220; button_two_letter_spacing__hover_enabled=&#8220;off&#8220; button_bg_color__hover_enabled=&#8220;off&#8220; button_one_bg_color__hover_enabled=&#8220;off&#8220; button_two_bg_color__hover_enabled=&#8220;off&#8220;][\/et_pb_contact_field][\/et_pb_contact_form][et_pb_social_media_follow _builder_version=&#8220;4.9.4&#8243; text_orientation=&#8220;center&#8220; border_radii=&#8220;on|100px|100px|100px|100px&#8220;][et_pb_social_media_follow_network social_network=&#8220;facebook&#8220; url=&#8220;https:\/\/www.facebook.com\/prirodazarohem&#8220; _builder_version=&#8220;4.9.4&#8243; background_color=&#8220;#b2b9c4&#8243; custom_margin=&#8220;4px|4px|4px|4px|true|true&#8220; custom_padding=&#8220;6px|6px|6px|6px|true|true&#8220; follow_button=&#8220;off&#8220; url_new_window=&#8220;on&#8220;]facebook[\/et_pb_social_media_follow_network][et_pb_social_media_follow_network social_network=&#8220;instagram&#8220; url=&#8220;https:\/\/www.instagram.com\/chalupa_mezi_potoky&#8220; _builder_version=&#8220;4.9.4&#8243; background_color=&#8220;#b2b9c4&#8243; custom_margin=&#8220;4px|4px|4px|4px|true|true&#8220; custom_padding=&#8220;6px|6px|6px|6px|true|true&#8220; follow_button=&#8220;off&#8220; url_new_window=&#8220;on&#8220;]instagram[\/et_pb_social_media_follow_network][\/et_pb_social_media_follow][\/et_pb_column][\/et_pb_row][\/et_pb_section]<\/p>\n","protected":false},"excerpt":{"rendered":"<p>V\u00fdletyV t\u011bsn\u00e9 bl\u00edzkosti \u00a0okol\u00ed\u00a0\u00a0je mo\u017en\u00e9 nav\u0161t\u00edvit Koz\u00ed farmu na P\u011bn\u010d\u00edn\u011b, Kittner\u016fv d\u016fm na Jistebsku,\u00a0\u00a0rozhlednu na\u00a0\u00a0\u010cern\u00e9\u00a0\u00a0Studnici a hu\u0165sk\u00e9 koupali\u0161t\u011b.\u00a0V Jilovem u Dr\u017ekova je mo\u017en\u00e9 vyu\u017e\u00edt ke koup\u00e1n\u00ed zatopen\u00fd lom. V zimn\u00edch m\u011bs\u00edc\u00edch je k dispozici v Z\u00e1sad\u011b sjezdovka s no\u010dn\u00edm ly\u017eov\u00e1n\u00edm, b\u011b\u017eka\u0159sk\u00e9 trat\u011b a s\u00e1\u0148ka\u0159sk\u00e1 dr\u00e1ha z \u010cern\u00e9 Studnice\u00a0 do Smr\u017eovky v d\u00e9lce 4km. Proslul\u00e1 je [&hellip;]<\/p>\n","protected":false},"author":1,"featured_media":0,"parent":0,"menu_order":0,"comment_status":"closed","ping_status":"closed","template":"","meta":{"_et_pb_use_builder":"on","_et_pb_old_content":"","_et_gb_content_width":"","footnotes":""},"class_list":["post-244","page","type-page","status-publish","hentry"],"_links":{"self":[{"href":"https:\/\/mezipotoky.cz\/index.php\/wp-json\/wp\/v2\/pages\/244","targetHints":{"allow":["GET"]}}],"collection":[{"href":"https:\/\/mezipotoky.cz\/index.php\/wp-json\/wp\/v2\/pages"}],"about":[{"href":"https:\/\/mezipotoky.cz\/index.php\/wp-json\/wp\/v2\/types\/page"}],"author":[{"embeddable":true,"href":"https:\/\/mezipotoky.cz\/index.php\/wp-json\/wp\/v2\/users\/1"}],"replies":[{"embeddable":true,"href":"https:\/\/mezipotoky.cz\/index.php\/wp-json\/wp\/v2\/comments?post=244"}],"version-history":[{"count":14,"href":"https:\/\/mezipotoky.cz\/index.php\/wp-json\/wp\/v2\/pages\/244\/revisions"}],"predecessor-version":[{"id":395,"href":"https:\/\/mezipotoky.cz\/index.php\/wp-json\/wp\/v2\/pages\/244\/revisions\/395"}],"wp:attachment":[{"href":"https:\/\/mezipotoky.cz\/index.php\/wp-json\/wp\/v2\/media?parent=244"}],"curies":[{"name":"wp","href":"https:\/\/api.w.org\/{rel}","templated":true}]}}